{"id":24369,"date":"2023-04-25T12:23:46","date_gmt":"2023-04-25T10:23:46","guid":{"rendered":"https:\/\/www.acps-automotive.com\/?page_id=24369"},"modified":"2023-04-26T09:46:35","modified_gmt":"2023-04-26T07:46:35","slug":"most-innovative-mid-sized-companies","status":"publish","type":"page","link":"https:\/\/www.acps-automotive.com\/en\/most-innovative-mid-sized-companies\/","title":{"rendered":"Most innovative Mid-sized companies"},"content":{"rendered":"<div class=\"vgblk-rw-wrapper limit-wrapper\">\n\n\t<h1><strong>Most innovative<\/strong><br \/>\nMid-sized companies<\/h1>\n\t<img loading=\"lazy\" decoding=\"async\" src=\"https:\/\/www.acps-automotive.com\/wp-content\/uploads\/_media\/_allgemein\/pfeil-text-einleitung.png\" alt=\"Pfeil Text Einleitung\" width=\"46\" height=\"69\" \/><br \/>\n<strong>ACPS Automotive<\/strong> is one of Germany&#8217;s most innovative Mid-sized companies.\n\t<p><a href=\"https:\/\/www.acps-automotive.com\/wp-content\/uploads\/_media\/stern-siegel\/siegel-stern-en-scaled.jpg\"><img loading=\"lazy\" decoding=\"async\" src=\"https:\/\/www.acps-automotive.com\/wp-content\/uploads\/_media\/stern-siegel\/siegel-stern-en-118x300.jpg\" alt=\"\" width=\"180\" height=\"459\" \/><\/a><\/p>\n\t<p>Great result for all employees, customers and suppliers of ACPS Automotive: The German weekly magazine &#8220;stern&#8221; &#8211; with around 5 million readers one of the most read magazines in Germany &#8211; has awarded us as one of Germany&#8217;s most innovative Mid-sized companies. Overall we rank 14th in the category of automotive suppliers.<\/p>\n<ul>\n<li>The market research institute DtGV analyzed the patent performance of German SMEs with annual sales of less than EUR 1 billion<\/li>\n<li>In April 2023 German weekly magazine stern published on this basis a hit list of the 500 most innovative medium-sized companies in Germany<\/li>\n<li>ACPS Automotive ranks <strong>14th in the category of automotive suppliers<\/strong><\/li>\n<li>Complete ranking:\u00a0 <a href=\"https:\/\/www.stern.de\/innovativste-mittelstaendler\" target=\"_blank\" rel=\"noopener\">stern.de\/innovativste-mittelstaendler<\/a><\/li>\n<li>stern reaches around 5 million readers making it one of the most widely read magazines in Germany<\/li>\n<\/ul>\n\n<\/div><!-- .vgblk-rw-wrapper -->","protected":false},"excerpt":{"rendered":"<p>Most innovative Mid-sized companies ACPS Automotive is one of Germany&#8217;s most innovative Mid-sized companies. Great result for all employees, customers and suppliers of ACPS Automotive: The German weekly magazine &#8220;stern&#8221; &#8211; with around 5 million readers one of the most read magazines in Germany &#8211; has awarded us as one of Germany&#8217;s most innovative Mid-sized&#8230;<\/p>\n","protected":false},"author":1,"featured_media":0,"parent":0,"menu_order":3,"comment_status":"closed","ping_status":"closed","template":"","meta":{"inline_featured_image":false,"_price":"","_stock":"","_tribe_ticket_header":"","_tribe_default_ticket_provider":"","_tribe_ticket_capacity":"0","_ticket_start_date":"","_ticket_end_date":"","_tribe_ticket_show_description":"","_tribe_ticket_show_not_going":false,"_tribe_ticket_use_global_stock":"","_tribe_ticket_global_stock_level":"","_global_stock_mode":"","_global_stock_cap":"","_tribe_rsvp_for_event":"","_tribe_ticket_going_count":"","_tribe_ticket_not_going_count":"","_tribe_tickets_list":"[]","_tribe_ticket_has_attendee_info_fields":false,"footnotes":""},"class_list":["post-24369","page","type-page","status-publish","hentry"],"yoast_head":"<!-- This site is optimized with the Yoast SEO plugin v27.2 - https:\/\/yoast.com\/product\/yoast-seo-wordpress\/ -->\n<title>Most innovative Mid-sized companies - ACPS Automotive GmbH<\/title>\n<meta name=\"description\" content=\"Wir entwickeln und fertigen innovative und sichere Anh\u00e4nge- und Tr\u00e4gersysteme f\u00fcr die Automobilhersteller in der Erstausr\u00fcstung unter der Marke ORIS.\" \/>\n<meta name=\"robots\" content=\"index, follow, max-snippet:-1, max-image-preview:large, max-video-preview:-1\" \/>\n<link rel=\"canonical\" href=\"https:\/\/www.acps-automotive.com\/en\/most-innovative-mid-sized-companies\/\" \/>\n<meta property=\"og:locale\" content=\"en_US\" \/>\n<meta property=\"og:type\" content=\"article\" \/>\n<meta property=\"og:title\" content=\"Most innovative Mid-sized companies - ACPS Automotive GmbH\" \/>\n<meta property=\"og:description\" content=\"Wir entwickeln und fertigen innovative und sichere Anh\u00e4nge- und Tr\u00e4gersysteme f\u00fcr die Automobilhersteller in der Erstausr\u00fcstung unter der Marke ORIS.\" \/>\n<meta property=\"og:url\" content=\"https:\/\/www.acps-automotive.com\/en\/most-innovative-mid-sized-companies\/\" \/>\n<meta property=\"og:site_name\" content=\"ACPS Automotive GmbH\" \/>\n<meta property=\"article:modified_time\" content=\"2023-04-26T07:46:35+00:00\" \/>\n<meta property=\"og:image\" content=\"https:\/\/www.acps-automotive.com\/wp-content\/uploads\/_media\/_allgemein\/pfeil-text-einleitung.png\" \/>\n<meta name=\"twitter:card\" content=\"summary_large_image\" \/>\n<meta name=\"twitter:site\" content=\"@ACPS_Automotive\" \/>\n<meta name=\"twitter:label1\" content=\"Est. reading time\" \/>\n\t<meta name=\"twitter:data1\" content=\"1 minute\" \/>\n<script type=\"application\/ld+json\" class=\"yoast-schema-graph\">{\"@context\":\"https:\/\/schema.org\",\"@graph\":[{\"@type\":\"WebPage\",\"@id\":\"https:\/\/www.acps-automotive.com\/en\/most-innovative-mid-sized-companies\/\",\"url\":\"https:\/\/www.acps-automotive.com\/en\/most-innovative-mid-sized-companies\/\",\"name\":\"Most innovative Mid-sized companies - ACPS Automotive GmbH\",\"isPartOf\":{\"@id\":\"https:\/\/www.acps-automotive.com\/en\/#website\"},\"primaryImageOfPage\":{\"@id\":\"https:\/\/www.acps-automotive.com\/en\/most-innovative-mid-sized-companies\/#primaryimage\"},\"image\":{\"@id\":\"https:\/\/www.acps-automotive.com\/en\/most-innovative-mid-sized-companies\/#primaryimage\"},\"thumbnailUrl\":\"https:\/\/www.acps-automotive.com\/wp-content\/uploads\/_media\/_allgemein\/pfeil-text-einleitung.png\",\"datePublished\":\"2023-04-25T10:23:46+00:00\",\"dateModified\":\"2023-04-26T07:46:35+00:00\",\"description\":\"Wir entwickeln und fertigen innovative und sichere Anh\u00e4nge- und Tr\u00e4gersysteme f\u00fcr die Automobilhersteller in der Erstausr\u00fcstung unter der Marke ORIS.\",\"breadcrumb\":{\"@id\":\"https:\/\/www.acps-automotive.com\/en\/most-innovative-mid-sized-companies\/#breadcrumb\"},\"inLanguage\":\"en-US\",\"potentialAction\":[{\"@type\":\"ReadAction\",\"target\":[\"https:\/\/www.acps-automotive.com\/en\/most-innovative-mid-sized-companies\/\"]}]},{\"@type\":\"ImageObject\",\"inLanguage\":\"en-US\",\"@id\":\"https:\/\/www.acps-automotive.com\/en\/most-innovative-mid-sized-companies\/#primaryimage\",\"url\":\"https:\/\/www.acps-automotive.com\/wp-content\/uploads\/_media\/_allgemein\/pfeil-text-einleitung.png\",\"contentUrl\":\"https:\/\/www.acps-automotive.com\/wp-content\/uploads\/_media\/_allgemein\/pfeil-text-einleitung.png\"},{\"@type\":\"BreadcrumbList\",\"@id\":\"https:\/\/www.acps-automotive.com\/en\/most-innovative-mid-sized-companies\/#breadcrumb\",\"itemListElement\":[{\"@type\":\"ListItem\",\"position\":1,\"name\":\"Startseite\",\"item\":\"https:\/\/www.acps-automotive.com\/en\/\"},{\"@type\":\"ListItem\",\"position\":2,\"name\":\"Most innovative Mid-sized companies\"}]},{\"@type\":\"WebSite\",\"@id\":\"https:\/\/www.acps-automotive.com\/en\/#website\",\"url\":\"https:\/\/www.acps-automotive.com\/en\/\",\"name\":\"ACPS Automotive GmbH\",\"description\":\"Innovative Anh\u00e4ngekupplungen\",\"publisher\":{\"@id\":\"https:\/\/www.acps-automotive.com\/en\/#organization\"},\"potentialAction\":[{\"@type\":\"SearchAction\",\"target\":{\"@type\":\"EntryPoint\",\"urlTemplate\":\"https:\/\/www.acps-automotive.com\/en\/?s={search_term_string}\"},\"query-input\":{\"@type\":\"PropertyValueSpecification\",\"valueRequired\":true,\"valueName\":\"search_term_string\"}}],\"inLanguage\":\"en-US\"},{\"@type\":\"Organization\",\"@id\":\"https:\/\/www.acps-automotive.com\/en\/#organization\",\"name\":\"ACPS Automotive GmbH\",\"url\":\"https:\/\/www.acps-automotive.com\/en\/\",\"logo\":{\"@type\":\"ImageObject\",\"inLanguage\":\"en-US\",\"@id\":\"https:\/\/www.acps-automotive.com\/en\/#\/schema\/logo\/image\/\",\"url\":\"https:\/\/www.acps-automotive.com\/wp-content\/uploads\/_media\/_allgemein\/Logo-Footer-ACPS-Automotive.png\",\"contentUrl\":\"https:\/\/www.acps-automotive.com\/wp-content\/uploads\/_media\/_allgemein\/Logo-Footer-ACPS-Automotive.png\",\"width\":239,\"height\":32,\"caption\":\"ACPS Automotive GmbH\"},\"image\":{\"@id\":\"https:\/\/www.acps-automotive.com\/en\/#\/schema\/logo\/image\/\"},\"sameAs\":[\"https:\/\/x.com\/ACPS_Automotive\",\"https:\/\/www.linkedin.com\/company\/acps-automotive-gmbh\/\",\"https:\/\/www.instagram.com\/acps_ausbildung\/\",\"https:\/\/www.youtube.com\/channel\/UC2jxrgWwpxpkay2aHWV5SaQ\"]}]}<\/script>\n<!-- \/ Yoast SEO plugin. -->","yoast_head_json":{"title":"Most innovative Mid-sized companies - ACPS Automotive GmbH","description":"Wir entwickeln und fertigen innovative und sichere Anh\u00e4nge- und Tr\u00e4gersysteme f\u00fcr die Automobilhersteller in der Erstausr\u00fcstung unter der Marke ORIS.","robots":{"index":"index","follow":"follow","max-snippet":"max-snippet:-1","max-image-preview":"max-image-preview:large","max-video-preview":"max-video-preview:-1"},"canonical":"https:\/\/www.acps-automotive.com\/en\/most-innovative-mid-sized-companies\/","og_locale":"en_US","og_type":"article","og_title":"Most innovative Mid-sized companies - ACPS Automotive GmbH","og_description":"Wir entwickeln und fertigen innovative und sichere Anh\u00e4nge- und Tr\u00e4gersysteme f\u00fcr die Automobilhersteller in der Erstausr\u00fcstung unter der Marke ORIS.","og_url":"https:\/\/www.acps-automotive.com\/en\/most-innovative-mid-sized-companies\/","og_site_name":"ACPS Automotive GmbH","article_modified_time":"2023-04-26T07:46:35+00:00","og_image":[{"url":"https:\/\/www.acps-automotive.com\/wp-content\/uploads\/_media\/_allgemein\/pfeil-text-einleitung.png","type":"","width":"","height":""}],"twitter_card":"summary_large_image","twitter_site":"@ACPS_Automotive","twitter_misc":{"Est. reading time":"1 minute"},"schema":{"@context":"https:\/\/schema.org","@graph":[{"@type":"WebPage","@id":"https:\/\/www.acps-automotive.com\/en\/most-innovative-mid-sized-companies\/","url":"https:\/\/www.acps-automotive.com\/en\/most-innovative-mid-sized-companies\/","name":"Most innovative Mid-sized companies - ACPS Automotive GmbH","isPartOf":{"@id":"https:\/\/www.acps-automotive.com\/en\/#website"},"primaryImageOfPage":{"@id":"https:\/\/www.acps-automotive.com\/en\/most-innovative-mid-sized-companies\/#primaryimage"},"image":{"@id":"https:\/\/www.acps-automotive.com\/en\/most-innovative-mid-sized-companies\/#primaryimage"},"thumbnailUrl":"https:\/\/www.acps-automotive.com\/wp-content\/uploads\/_media\/_allgemein\/pfeil-text-einleitung.png","datePublished":"2023-04-25T10:23:46+00:00","dateModified":"2023-04-26T07:46:35+00:00","description":"Wir entwickeln und fertigen innovative und sichere Anh\u00e4nge- und Tr\u00e4gersysteme f\u00fcr die Automobilhersteller in der Erstausr\u00fcstung unter der Marke ORIS.","breadcrumb":{"@id":"https:\/\/www.acps-automotive.com\/en\/most-innovative-mid-sized-companies\/#breadcrumb"},"inLanguage":"en-US","potentialAction":[{"@type":"ReadAction","target":["https:\/\/www.acps-automotive.com\/en\/most-innovative-mid-sized-companies\/"]}]},{"@type":"ImageObject","inLanguage":"en-US","@id":"https:\/\/www.acps-automotive.com\/en\/most-innovative-mid-sized-companies\/#primaryimage","url":"https:\/\/www.acps-automotive.com\/wp-content\/uploads\/_media\/_allgemein\/pfeil-text-einleitung.png","contentUrl":"https:\/\/www.acps-automotive.com\/wp-content\/uploads\/_media\/_allgemein\/pfeil-text-einleitung.png"},{"@type":"BreadcrumbList","@id":"https:\/\/www.acps-automotive.com\/en\/most-innovative-mid-sized-companies\/#breadcrumb","itemListElement":[{"@type":"ListItem","position":1,"name":"Startseite","item":"https:\/\/www.acps-automotive.com\/en\/"},{"@type":"ListItem","position":2,"name":"Most innovative Mid-sized companies"}]},{"@type":"WebSite","@id":"https:\/\/www.acps-automotive.com\/en\/#website","url":"https:\/\/www.acps-automotive.com\/en\/","name":"ACPS Automotive GmbH","description":"Innovative Anh\u00e4ngekupplungen","publisher":{"@id":"https:\/\/www.acps-automotive.com\/en\/#organization"},"potentialAction":[{"@type":"SearchAction","target":{"@type":"EntryPoint","urlTemplate":"https:\/\/www.acps-automotive.com\/en\/?s={search_term_string}"},"query-input":{"@type":"PropertyValueSpecification","valueRequired":true,"valueName":"search_term_string"}}],"inLanguage":"en-US"},{"@type":"Organization","@id":"https:\/\/www.acps-automotive.com\/en\/#organization","name":"ACPS Automotive GmbH","url":"https:\/\/www.acps-automotive.com\/en\/","logo":{"@type":"ImageObject","inLanguage":"en-US","@id":"https:\/\/www.acps-automotive.com\/en\/#\/schema\/logo\/image\/","url":"https:\/\/www.acps-automotive.com\/wp-content\/uploads\/_media\/_allgemein\/Logo-Footer-ACPS-Automotive.png","contentUrl":"https:\/\/www.acps-automotive.com\/wp-content\/uploads\/_media\/_allgemein\/Logo-Footer-ACPS-Automotive.png","width":239,"height":32,"caption":"ACPS Automotive GmbH"},"image":{"@id":"https:\/\/www.acps-automotive.com\/en\/#\/schema\/logo\/image\/"},"sameAs":["https:\/\/x.com\/ACPS_Automotive","https:\/\/www.linkedin.com\/company\/acps-automotive-gmbh\/","https:\/\/www.instagram.com\/acps_ausbildung\/","https:\/\/www.youtube.com\/channel\/UC2jxrgWwpxpkay2aHWV5SaQ"]}]}},"_links":{"self":[{"href":"https:\/\/www.acps-automotive.com\/en\/wp-json\/wp\/v2\/pages\/24369","targetHints":{"allow":["GET"]}}],"collection":[{"href":"https:\/\/www.acps-automotive.com\/en\/wp-json\/wp\/v2\/pages"}],"about":[{"href":"https:\/\/www.acps-automotive.com\/en\/wp-json\/wp\/v2\/types\/page"}],"author":[{"embeddable":true,"href":"https:\/\/www.acps-automotive.com\/en\/wp-json\/wp\/v2\/users\/1"}],"replies":[{"embeddable":true,"href":"https:\/\/www.acps-automotive.com\/en\/wp-json\/wp\/v2\/comments?post=24369"}],"version-history":[{"count":0,"href":"https:\/\/www.acps-automotive.com\/en\/wp-json\/wp\/v2\/pages\/24369\/revisions"}],"wp:attachment":[{"href":"https:\/\/www.acps-automotive.com\/en\/wp-json\/wp\/v2\/media?parent=24369"}],"curies":[{"name":"wp","href":"https:\/\/api.w.org\/{rel}","templated":true}]}}