{"id":19188,"date":"2019-11-12T14:52:07","date_gmt":"2019-11-12T13:52:07","guid":{"rendered":"https:\/\/redesign.acps-automotive.com\/produkte\/fuer-europa\/weitere-vorrichtung\/"},"modified":"2023-08-07T12:11:47","modified_gmt":"2023-08-07T10:11:47","slug":"bicycle-carrier-acps-automotive","status":"publish","type":"page","link":"https:\/\/www.acps-automotive.com\/en\/products\/for-europe\/bicycle-carrier-acps-automotive\/","title":{"rendered":"Other devices"},"content":{"rendered":"<div class=\"vgblk-rw-wrapper limit-wrapper\">\n\n\t<h1><strong>OTHER<\/strong><br \/>\nDEVICES<\/h1>\n\t\t\tHorizontally removable\t\t\n\t\t\t\t<p><strong>Horizontally removable<br \/>Bicycle carrier<\/strong>The bicycle rack device is a removable system exclusively for bicycle racks. The horizontally placeable ball neck is visible in use &#8211; when not in use, the system is hardly visible on the vehicle.Advantages:<\/p><ul><li>The ball neck is applied solely duringuse. The system itself, without the ball neck, is slightly visible. Therefore hardly anything disturbs the vehicle optics.<\/li><li>Removable towbars from ACPS Automotive lock fully automatically &#8211; this offers high reliability and simple operation.<\/li><li>The ball neck is equipped with a lock to prevent theft.<\/li><\/ul><img loading=\"lazy\" decoding=\"async\" src=\"https:\/\/www.acps-automotive.com\/wp-content\/uploads\/_media\/produkte\/europa\/weitere-av\/weitere-av.jpg\" alt=\"Horizontal abnehmbare Fahrradtr\u00e4gervorrichtung\" width=\"730\" height=\"720\" \/>\t\t\t\n\t<h4>Technische Daten<\/h4>\n<table border=\"0\" width=\"100%\">\n<tbody>\n<tr>\n\n<td>Vertikal abnehmbar<\/td>\n<td>Horizontal abnehmbar<\/td>\n<\/tr>\n<tr>\n<td>D-Wert*<\/td>\n<td>bis zu 16,8 kN<\/td>\n<td>bis zu 13 kN<\/td>\n<\/tr>\n<tr>\n<td>St\u00fctzlast<\/td>\n<td>bis zu 220 kg<\/td>\n<td>bis zu 150 kg<\/td>\n<\/tr>\n<tr>\n<td>Anh\u00e4ngelast<\/td>\n<td>bis zu 3.500 kg<\/td>\n<td>bis zu 2.500 kg<\/td>\n<\/tr>\n<\/tbody>\n<\/table>\n<p>* Beim D-Wert handelt es sich um einen festgelegten Kraftwert, der das zul\u00e4ssige Gesamtgewicht des Zugfahrzeuges und das maximal zul\u00e4ssige Gesamtgewicht des Anh\u00e4ngers beinhaltet.<\/p>\n<p>&nbsp;<\/p>\n<strong>Die hier angegebenen Daten passen nicht zu Ihren fahrzeugspezifischen Anforderungen?<\/strong><br \/>\nDann <a href=\"https:\/\/www.acps-automotive.com\/kontakt\/kontaktformular\/\">nehmen Sie gern Kontakt zu uns auf<\/a>, denn wir entwickeln auch ma\u00dfgeschneiderte Komponenten und L\u00f6sungen.\n\t<h4>Technical data<\/h4>\n<p>Please do not hesitate to contact us if you have any questions regarding your vehicle-specific requirements &#8211; <strong>drawbar load and number of bicycles to be transported<\/strong>\u00a0&#8211; <a href=\"\/kontakt\/kontaktformular\/\">please contact us.<\/a><\/p>\n\t<h2>SUITABLE ELECTRICAL SETS<br \/>\n<strong>FOR OUR TOWBARS<\/strong><\/h2>\n<p>The relevant electrical kits for our towbars are developed in cooperation with well-known wiring harness manufacturers according to customer requirements. We offer automotive manufacturers and their authorised dealers our systems for strip installation or retrofitting. Spare parts are also available for both scenarios.<\/p>\n\t<h4><strong>FURTHER TOWBARS<\/strong><br \/>\nFOR THE EUROPEAN MARKET<\/h4>\n\t<a href=\"\/en\/products\/for-europe\/retractable-towbars\/\">Retractable<br \/>\nTowbars<\/a>\n<p><a href=\"\/en\/products\/for-europe\/retractable-towbars\/\"><img loading=\"lazy\" decoding=\"async\" src=\"\/wp-content\/uploads\/_media\/produkte\/europa\/uebersicht\/schwenkbare-anhanegevorrichtungen-300x250.jpg\" alt=\"Schwenkbare Anh\u00e4ngevorrichtungen\" width=\"300\" height=\"250\" \/><\/a><\/p>\n\t<a href=\"\/en\/products\/for-europe\/detachable-towbars\/\">Detachable<br \/>\nTowbars<\/a>\n<p><a href=\"\/en\/products\/for-europe\/detachable-towbars\/\"><img loading=\"lazy\" decoding=\"async\" src=\"\/wp-content\/uploads\/_media\/produkte\/europa\/uebersicht\/abnehmbare-anhanegevorrichtungen-300x250.jpg\" alt=\"Abnehmbare Anh\u00e4ngevorrichtungen\" width=\"300\" height=\"250\" \/><\/a><\/p>\n\t<a href=\"\/en\/products\/for-europe\/fixed-towbars\/\">Fixed<br \/>\nTowbars<\/a>\n<p><a href=\"\/en\/products\/for-europe\/fixed-towbars\/\"><img loading=\"lazy\" decoding=\"async\" src=\"https:\/\/www.acps-automotive.com\/wp-content\/uploads\/_media\/produkte\/europa\/uebersicht\/fixe-anhanegevorrichtungen-300x250.jpg\" alt=\"Starre Anh\u00e4ngevorrichtungen\" width=\"300\" height=\"250\" \/><\/a><\/p>\n\t<h2>FIND OUT MORE<br \/>\n<strong>ABOUT US<\/strong><\/h2>\n<p>Get in touch to find out more about ACPS Automotive and our bicycle rack devices.<\/p>\n<p><a href=\"\/en\/contact\/contact-form\/\"><img loading=\"lazy\" decoding=\"async\" src=\"https:\/\/www.acps-automotive.com\/wp-content\/uploads\/_media\/_allgemein\/pfeil-gross-dunkelblau.png\" alt=\"Pfeil gross dunkelblau\" width=\"67\" height=\"45\" \/>Contact us<\/a><\/p>\n<p>&nbsp;<\/p>\n\n<\/div><!-- .vgblk-rw-wrapper -->","protected":false},"excerpt":{"rendered":"<p>OTHER DEVICES Horizontally removable Horizontally removableBicycle carrierThe bicycle rack device is a removable system exclusively for bicycle racks. The horizontally placeable ball neck is visible in use &#8211; when not in use, the system is hardly visible on the vehicle.Advantages: The ball neck is applied solely duringuse. The system itself, without the ball neck, is&#8230;<\/p>\n","protected":false},"author":1,"featured_media":0,"parent":19141,"menu_order":2,"comment_status":"closed","ping_status":"closed","template":"","meta":{"inline_featured_image":false,"_price":"","_stock":"","_tribe_ticket_header":"","_tribe_default_ticket_provider":"","_tribe_ticket_capacity":"0","_ticket_start_date":"","_ticket_end_date":"","_tribe_ticket_show_description":"","_tribe_ticket_show_not_going":false,"_tribe_ticket_use_global_stock":"","_tribe_ticket_global_stock_level":"","_global_stock_mode":"","_global_stock_cap":"","_tribe_rsvp_for_event":"","_tribe_ticket_going_count":"","_tribe_ticket_not_going_count":"","_tribe_tickets_list":"[]","_tribe_ticket_has_attendee_info_fields":false,"footnotes":""},"class_list":["post-19188","page","type-page","status-publish","hentry"],"yoast_head":"<!-- This site is optimized with the Yoast SEO plugin v27.2 - https:\/\/yoast.com\/product\/yoast-seo-wordpress\/ -->\n<title>Other devices - ACPS Automotive GmbH<\/title>\n<meta name=\"description\" content=\"Horizontal detachable bicycle carrier device \u2713Specially designed for bicycle carrier operation \u2713Easy operation \u2713Theft protection \u25ba The perfect solution!\" \/>\n<meta name=\"robots\" content=\"index, follow, max-snippet:-1, max-image-preview:large, max-video-preview:-1\" \/>\n<link rel=\"canonical\" href=\"https:\/\/www.acps-automotive.com\/en\/products\/for-europe\/bicycle-carrier-acps-automotive\/\" \/>\n<meta property=\"og:locale\" content=\"en_US\" \/>\n<meta property=\"og:type\" content=\"article\" \/>\n<meta property=\"og:title\" content=\"Other devices - ACPS Automotive GmbH\" \/>\n<meta property=\"og:description\" content=\"Horizontal detachable bicycle carrier device \u2713Specially designed for bicycle carrier operation \u2713Easy operation \u2713Theft protection \u25ba The perfect solution!\" \/>\n<meta property=\"og:url\" content=\"https:\/\/www.acps-automotive.com\/en\/products\/for-europe\/bicycle-carrier-acps-automotive\/\" \/>\n<meta property=\"og:site_name\" content=\"ACPS Automotive GmbH\" \/>\n<meta property=\"article:modified_time\" content=\"2023-08-07T10:11:47+00:00\" \/>\n<meta property=\"og:image\" content=\"https:\/\/www.acps-automotive.com\/wp-content\/uploads\/_media\/produkte\/europa\/weitere-av\/weitere-av.jpg\" \/>\n<meta name=\"twitter:card\" content=\"summary_large_image\" \/>\n<meta name=\"twitter:site\" content=\"@ACPS_Automotive\" \/>\n<meta name=\"twitter:label1\" content=\"Est. reading time\" \/>\n\t<meta name=\"twitter:data1\" content=\"3 minutes\" \/>\n<script type=\"application\/ld+json\" class=\"yoast-schema-graph\">{\"@context\":\"https:\/\/schema.org\",\"@graph\":[{\"@type\":\"WebPage\",\"@id\":\"https:\/\/www.acps-automotive.com\/en\/products\/for-europe\/bicycle-carrier-acps-automotive\/\",\"url\":\"https:\/\/www.acps-automotive.com\/en\/products\/for-europe\/bicycle-carrier-acps-automotive\/\",\"name\":\"Other devices - ACPS Automotive GmbH\",\"isPartOf\":{\"@id\":\"https:\/\/www.acps-automotive.com\/en\/#website\"},\"primaryImageOfPage\":{\"@id\":\"https:\/\/www.acps-automotive.com\/en\/products\/for-europe\/bicycle-carrier-acps-automotive\/#primaryimage\"},\"image\":{\"@id\":\"https:\/\/www.acps-automotive.com\/en\/products\/for-europe\/bicycle-carrier-acps-automotive\/#primaryimage\"},\"thumbnailUrl\":\"https:\/\/www.acps-automotive.com\/wp-content\/uploads\/_media\/produkte\/europa\/weitere-av\/weitere-av.jpg\",\"datePublished\":\"2019-11-12T13:52:07+00:00\",\"dateModified\":\"2023-08-07T10:11:47+00:00\",\"description\":\"Horizontal detachable bicycle carrier device \u2713Specially designed for bicycle carrier operation \u2713Easy operation \u2713Theft protection \u25ba The perfect solution!\",\"breadcrumb\":{\"@id\":\"https:\/\/www.acps-automotive.com\/en\/products\/for-europe\/bicycle-carrier-acps-automotive\/#breadcrumb\"},\"inLanguage\":\"en-US\",\"potentialAction\":[{\"@type\":\"ReadAction\",\"target\":[\"https:\/\/www.acps-automotive.com\/en\/products\/for-europe\/bicycle-carrier-acps-automotive\/\"]}]},{\"@type\":\"ImageObject\",\"inLanguage\":\"en-US\",\"@id\":\"https:\/\/www.acps-automotive.com\/en\/products\/for-europe\/bicycle-carrier-acps-automotive\/#primaryimage\",\"url\":\"https:\/\/www.acps-automotive.com\/wp-content\/uploads\/_media\/produkte\/europa\/weitere-av\/weitere-av.jpg\",\"contentUrl\":\"https:\/\/www.acps-automotive.com\/wp-content\/uploads\/_media\/produkte\/europa\/weitere-av\/weitere-av.jpg\"},{\"@type\":\"BreadcrumbList\",\"@id\":\"https:\/\/www.acps-automotive.com\/en\/products\/for-europe\/bicycle-carrier-acps-automotive\/#breadcrumb\",\"itemListElement\":[{\"@type\":\"ListItem\",\"position\":1,\"name\":\"Startseite\",\"item\":\"https:\/\/www.acps-automotive.com\/en\/\"},{\"@type\":\"ListItem\",\"position\":2,\"name\":\"Products\",\"item\":\"https:\/\/www.acps-automotive.com\/en\/products\/\"},{\"@type\":\"ListItem\",\"position\":3,\"name\":\"Towbars for the European Market\",\"item\":\"https:\/\/www.acps-automotive.com\/en\/products\/for-europe\/\"},{\"@type\":\"ListItem\",\"position\":4,\"name\":\"Other devices\"}]},{\"@type\":\"WebSite\",\"@id\":\"https:\/\/www.acps-automotive.com\/en\/#website\",\"url\":\"https:\/\/www.acps-automotive.com\/en\/\",\"name\":\"ACPS Automotive GmbH\",\"description\":\"Innovative Anh\u00e4ngekupplungen\",\"publisher\":{\"@id\":\"https:\/\/www.acps-automotive.com\/en\/#organization\"},\"potentialAction\":[{\"@type\":\"SearchAction\",\"target\":{\"@type\":\"EntryPoint\",\"urlTemplate\":\"https:\/\/www.acps-automotive.com\/en\/?s={search_term_string}\"},\"query-input\":{\"@type\":\"PropertyValueSpecification\",\"valueRequired\":true,\"valueName\":\"search_term_string\"}}],\"inLanguage\":\"en-US\"},{\"@type\":\"Organization\",\"@id\":\"https:\/\/www.acps-automotive.com\/en\/#organization\",\"name\":\"ACPS Automotive GmbH\",\"url\":\"https:\/\/www.acps-automotive.com\/en\/\",\"logo\":{\"@type\":\"ImageObject\",\"inLanguage\":\"en-US\",\"@id\":\"https:\/\/www.acps-automotive.com\/en\/#\/schema\/logo\/image\/\",\"url\":\"https:\/\/www.acps-automotive.com\/wp-content\/uploads\/_media\/_allgemein\/Logo-Footer-ACPS-Automotive.png\",\"contentUrl\":\"https:\/\/www.acps-automotive.com\/wp-content\/uploads\/_media\/_allgemein\/Logo-Footer-ACPS-Automotive.png\",\"width\":239,\"height\":32,\"caption\":\"ACPS Automotive GmbH\"},\"image\":{\"@id\":\"https:\/\/www.acps-automotive.com\/en\/#\/schema\/logo\/image\/\"},\"sameAs\":[\"https:\/\/x.com\/ACPS_Automotive\",\"https:\/\/www.linkedin.com\/company\/acps-automotive-gmbh\/\",\"https:\/\/www.instagram.com\/acps_ausbildung\/\",\"https:\/\/www.youtube.com\/channel\/UC2jxrgWwpxpkay2aHWV5SaQ\"]}]}<\/script>\n<!-- \/ Yoast SEO plugin. -->","yoast_head_json":{"title":"Other devices - ACPS Automotive GmbH","description":"Horizontal detachable bicycle carrier device \u2713Specially designed for bicycle carrier operation \u2713Easy operation \u2713Theft protection \u25ba The perfect solution!","robots":{"index":"index","follow":"follow","max-snippet":"max-snippet:-1","max-image-preview":"max-image-preview:large","max-video-preview":"max-video-preview:-1"},"canonical":"https:\/\/www.acps-automotive.com\/en\/products\/for-europe\/bicycle-carrier-acps-automotive\/","og_locale":"en_US","og_type":"article","og_title":"Other devices - ACPS Automotive GmbH","og_description":"Horizontal detachable bicycle carrier device \u2713Specially designed for bicycle carrier operation \u2713Easy operation \u2713Theft protection \u25ba The perfect solution!","og_url":"https:\/\/www.acps-automotive.com\/en\/products\/for-europe\/bicycle-carrier-acps-automotive\/","og_site_name":"ACPS Automotive GmbH","article_modified_time":"2023-08-07T10:11:47+00:00","og_image":[{"url":"https:\/\/www.acps-automotive.com\/wp-content\/uploads\/_media\/produkte\/europa\/weitere-av\/weitere-av.jpg","type":"","width":"","height":""}],"twitter_card":"summary_large_image","twitter_site":"@ACPS_Automotive","twitter_misc":{"Est. reading time":"3 minutes"},"schema":{"@context":"https:\/\/schema.org","@graph":[{"@type":"WebPage","@id":"https:\/\/www.acps-automotive.com\/en\/products\/for-europe\/bicycle-carrier-acps-automotive\/","url":"https:\/\/www.acps-automotive.com\/en\/products\/for-europe\/bicycle-carrier-acps-automotive\/","name":"Other devices - ACPS Automotive GmbH","isPartOf":{"@id":"https:\/\/www.acps-automotive.com\/en\/#website"},"primaryImageOfPage":{"@id":"https:\/\/www.acps-automotive.com\/en\/products\/for-europe\/bicycle-carrier-acps-automotive\/#primaryimage"},"image":{"@id":"https:\/\/www.acps-automotive.com\/en\/products\/for-europe\/bicycle-carrier-acps-automotive\/#primaryimage"},"thumbnailUrl":"https:\/\/www.acps-automotive.com\/wp-content\/uploads\/_media\/produkte\/europa\/weitere-av\/weitere-av.jpg","datePublished":"2019-11-12T13:52:07+00:00","dateModified":"2023-08-07T10:11:47+00:00","description":"Horizontal detachable bicycle carrier device \u2713Specially designed for bicycle carrier operation \u2713Easy operation \u2713Theft protection \u25ba The perfect solution!","breadcrumb":{"@id":"https:\/\/www.acps-automotive.com\/en\/products\/for-europe\/bicycle-carrier-acps-automotive\/#breadcrumb"},"inLanguage":"en-US","potentialAction":[{"@type":"ReadAction","target":["https:\/\/www.acps-automotive.com\/en\/products\/for-europe\/bicycle-carrier-acps-automotive\/"]}]},{"@type":"ImageObject","inLanguage":"en-US","@id":"https:\/\/www.acps-automotive.com\/en\/products\/for-europe\/bicycle-carrier-acps-automotive\/#primaryimage","url":"https:\/\/www.acps-automotive.com\/wp-content\/uploads\/_media\/produkte\/europa\/weitere-av\/weitere-av.jpg","contentUrl":"https:\/\/www.acps-automotive.com\/wp-content\/uploads\/_media\/produkte\/europa\/weitere-av\/weitere-av.jpg"},{"@type":"BreadcrumbList","@id":"https:\/\/www.acps-automotive.com\/en\/products\/for-europe\/bicycle-carrier-acps-automotive\/#breadcrumb","itemListElement":[{"@type":"ListItem","position":1,"name":"Startseite","item":"https:\/\/www.acps-automotive.com\/en\/"},{"@type":"ListItem","position":2,"name":"Products","item":"https:\/\/www.acps-automotive.com\/en\/products\/"},{"@type":"ListItem","position":3,"name":"Towbars for the European Market","item":"https:\/\/www.acps-automotive.com\/en\/products\/for-europe\/"},{"@type":"ListItem","position":4,"name":"Other devices"}]},{"@type":"WebSite","@id":"https:\/\/www.acps-automotive.com\/en\/#website","url":"https:\/\/www.acps-automotive.com\/en\/","name":"ACPS Automotive GmbH","description":"Innovative Anh\u00e4ngekupplungen","publisher":{"@id":"https:\/\/www.acps-automotive.com\/en\/#organization"},"potentialAction":[{"@type":"SearchAction","target":{"@type":"EntryPoint","urlTemplate":"https:\/\/www.acps-automotive.com\/en\/?s={search_term_string}"},"query-input":{"@type":"PropertyValueSpecification","valueRequired":true,"valueName":"search_term_string"}}],"inLanguage":"en-US"},{"@type":"Organization","@id":"https:\/\/www.acps-automotive.com\/en\/#organization","name":"ACPS Automotive GmbH","url":"https:\/\/www.acps-automotive.com\/en\/","logo":{"@type":"ImageObject","inLanguage":"en-US","@id":"https:\/\/www.acps-automotive.com\/en\/#\/schema\/logo\/image\/","url":"https:\/\/www.acps-automotive.com\/wp-content\/uploads\/_media\/_allgemein\/Logo-Footer-ACPS-Automotive.png","contentUrl":"https:\/\/www.acps-automotive.com\/wp-content\/uploads\/_media\/_allgemein\/Logo-Footer-ACPS-Automotive.png","width":239,"height":32,"caption":"ACPS Automotive GmbH"},"image":{"@id":"https:\/\/www.acps-automotive.com\/en\/#\/schema\/logo\/image\/"},"sameAs":["https:\/\/x.com\/ACPS_Automotive","https:\/\/www.linkedin.com\/company\/acps-automotive-gmbh\/","https:\/\/www.instagram.com\/acps_ausbildung\/","https:\/\/www.youtube.com\/channel\/UC2jxrgWwpxpkay2aHWV5SaQ"]}]}},"_links":{"self":[{"href":"https:\/\/www.acps-automotive.com\/en\/wp-json\/wp\/v2\/pages\/19188","targetHints":{"allow":["GET"]}}],"collection":[{"href":"https:\/\/www.acps-automotive.com\/en\/wp-json\/wp\/v2\/pages"}],"about":[{"href":"https:\/\/www.acps-automotive.com\/en\/wp-json\/wp\/v2\/types\/page"}],"author":[{"embeddable":true,"href":"https:\/\/www.acps-automotive.com\/en\/wp-json\/wp\/v2\/users\/1"}],"replies":[{"embeddable":true,"href":"https:\/\/www.acps-automotive.com\/en\/wp-json\/wp\/v2\/comments?post=19188"}],"version-history":[{"count":0,"href":"https:\/\/www.acps-automotive.com\/en\/wp-json\/wp\/v2\/pages\/19188\/revisions"}],"up":[{"embeddable":true,"href":"https:\/\/www.acps-automotive.com\/en\/wp-json\/wp\/v2\/pages\/19141"}],"wp:attachment":[{"href":"https:\/\/www.acps-automotive.com\/en\/wp-json\/wp\/v2\/media?parent=19188"}],"curies":[{"name":"wp","href":"https:\/\/api.w.org\/{rel}","templated":true}]}}